{"id":390429,"date":"2023-04-05T13:28:25","date_gmt":"2023-04-05T13:28:25","guid":{"rendered":"https:\/\/staging.laplanetedesenfants.com\/staging\/product\/robe-deguisement-licorne\/"},"modified":"2023-04-05T13:28:25","modified_gmt":"2023-04-05T13:28:25","slug":"robe-deguisement-licorne","status":"publish","type":"product","link":"https:\/\/staging.laplanetedesenfants.com\/staging\/produit\/robe-deguisement-licorne\/","title":{"rendered":"Robe d\u00e9guisement Licorne"},"content":{"rendered":"<p>Robe d\u00e9guisement\u00a0Licorne<\/p>\n<p>Robe fantaisie\u00a0Licorne<\/p>\n<p>100% Polyester &#8211; sur centre<\/p>\n","protected":false},"excerpt":{"rendered":"<p>La Plan\u00e8te des Enfants vous propose cette Robe d\u00e9guisement Licorne \u00e0 manches courtes. La Robe d\u00e9guisement Licorne est id\u00e9ale pour la saison Printemps\/Et\u00e9, de couleurs contrastantes, voilage au devant de la jupe. Ceinture \u00e9tastiqu\u00e9 \u00e0 nouer devant.<\/p>\n<p>Mati\u00e8re: 100% Polyester\u00a0<\/p>\n<p>Entretien: lavage \u00e0 40\u00b0C<\/p>\n","protected":false},"featured_media":390428,"template":"","meta":[],"product_brand":[],"product_cat":[13483,13531,13501,13540,13543,13784],"product_tag":[19086,13440,14617,19085],"class_list":{"0":"post-390429","1":"product","2":"type-product","3":"status-publish","4":"has-post-thumbnail","6":"product_cat-accueil","7":"product_cat-filles","8":"product_cat-nouveautes","9":"product_cat-nouvelle-collection-fille","10":"product_cat-printemps-2024","11":"product_cat-robes","12":"product_tag-deguisement-licorne","13":"product_tag-disney","14":"product_tag-robe","15":"product_tag-robe-deguisement","16":"pa_genre-fille","17":"pa_taille-2_3ans","18":"pa_taille-4_5ans","19":"pa_taille-6_8ans","21":"first","22":"instock","23":"shipping-taxable","24":"purchasable","25":"product-type-variable","26":"has-default-attributes"},"_links":{"self":[{"href":"https:\/\/staging.laplanetedesenfants.com\/staging\/wp-json\/wp\/v2\/product\/390429","targetHints":{"allow":["GET"]}}],"collection":[{"href":"https:\/\/staging.laplanetedesenfants.com\/staging\/wp-json\/wp\/v2\/product"}],"about":[{"href":"https:\/\/staging.laplanetedesenfants.com\/staging\/wp-json\/wp\/v2\/types\/product"}],"version-history":[{"count":0,"href":"https:\/\/staging.laplanetedesenfants.com\/staging\/wp-json\/wp\/v2\/product\/390429\/revisions"}],"wp:featuredmedia":[{"embeddable":true,"href":"https:\/\/staging.laplanetedesenfants.com\/staging\/wp-json\/wp\/v2\/media\/390428"}],"wp:attachment":[{"href":"https:\/\/staging.laplanetedesenfants.com\/staging\/wp-json\/wp\/v2\/media?parent=390429"}],"wp:term":[{"taxonomy":"product_brand","embeddable":true,"href":"https:\/\/staging.laplanetedesenfants.com\/staging\/wp-json\/wp\/v2\/product_brand?post=390429"},{"taxonomy":"product_cat","embeddable":true,"href":"https:\/\/staging.laplanetedesenfants.com\/staging\/wp-json\/wp\/v2\/product_cat?post=390429"},{"taxonomy":"product_tag","embeddable":true,"href":"https:\/\/staging.laplanetedesenfants.com\/staging\/wp-json\/wp\/v2\/product_tag?post=390429"}],"curies":[{"name":"wp","href":"https:\/\/api.w.org\/{rel}","templated":true}]}}