{"id":390522,"date":"2023-04-06T13:11:36","date_gmt":"2023-04-06T13:11:36","guid":{"rendered":"https:\/\/staging.laplanetedesenfants.com\/staging\/product\/robe-deguisement-minnie-disney\/"},"modified":"2023-04-06T13:11:36","modified_gmt":"2023-04-06T13:11:36","slug":"robe-deguisement-minnie-disney","status":"publish","type":"product","link":"https:\/\/staging.laplanetedesenfants.com\/staging\/produit\/robe-deguisement-minnie-disney\/","title":{"rendered":"Robe d\u00e9guisement Minnie Disney"},"content":{"rendered":"<p>Robe d\u00e9guisement\u00a0Minnie Disney<\/p>\n<p>Robe fantaisie Minnie Disney<\/p>\n<p>100% Polyester &#8211; sur centre<\/p><\/p>\n","protected":false},"excerpt":{"rendered":"<p>La Plan\u00e8te des Enfants vous propose cette Robe d\u00e9guisement Minnie Disney \u00e0 manches courtes. La Robe d\u00e9guisement Minnie Disney est id\u00e9ale pour la saison Printemps\/Et\u00e9, de couleurs contrastantes, voilage au devant de la jupe. Ceinture \u00e9tastiqu\u00e9 \u00e0 nouer devant.<\/p>\n<p>Mati\u00e8re: 100% Polyester\u00a0<\/p>\n<p>Entretien: lavage \u00e0 40\u00b0C<\/p>\n","protected":false},"featured_media":390521,"template":"","meta":[],"product_brand":[],"product_cat":[13483,13531,13501,13540,13543,13784],"product_tag":[13440,14616,14815,14617,19085],"class_list":{"0":"post-390522","1":"product","2":"type-product","3":"status-publish","4":"has-post-thumbnail","6":"product_cat-accueil","7":"product_cat-filles","8":"product_cat-nouveautes","9":"product_cat-nouvelle-collection-fille","10":"product_cat-printemps-2024","11":"product_cat-robes","12":"product_tag-disney","13":"product_tag-minnie","14":"product_tag-minnie-disney","15":"product_tag-robe","16":"product_tag-robe-deguisement","17":"pa_genre-fille","18":"pa_taille-2_3ans","19":"pa_taille-4_5ans","20":"pa_taille-6_8ans","22":"first","23":"instock","24":"shipping-taxable","25":"purchasable","26":"product-type-variable","27":"has-default-attributes"},"_links":{"self":[{"href":"https:\/\/staging.laplanetedesenfants.com\/staging\/wp-json\/wp\/v2\/product\/390522","targetHints":{"allow":["GET"]}}],"collection":[{"href":"https:\/\/staging.laplanetedesenfants.com\/staging\/wp-json\/wp\/v2\/product"}],"about":[{"href":"https:\/\/staging.laplanetedesenfants.com\/staging\/wp-json\/wp\/v2\/types\/product"}],"version-history":[{"count":0,"href":"https:\/\/staging.laplanetedesenfants.com\/staging\/wp-json\/wp\/v2\/product\/390522\/revisions"}],"wp:featuredmedia":[{"embeddable":true,"href":"https:\/\/staging.laplanetedesenfants.com\/staging\/wp-json\/wp\/v2\/media\/390521"}],"wp:attachment":[{"href":"https:\/\/staging.laplanetedesenfants.com\/staging\/wp-json\/wp\/v2\/media?parent=390522"}],"wp:term":[{"taxonomy":"product_brand","embeddable":true,"href":"https:\/\/staging.laplanetedesenfants.com\/staging\/wp-json\/wp\/v2\/product_brand?post=390522"},{"taxonomy":"product_cat","embeddable":true,"href":"https:\/\/staging.laplanetedesenfants.com\/staging\/wp-json\/wp\/v2\/product_cat?post=390522"},{"taxonomy":"product_tag","embeddable":true,"href":"https:\/\/staging.laplanetedesenfants.com\/staging\/wp-json\/wp\/v2\/product_tag?post=390522"}],"curies":[{"name":"wp","href":"https:\/\/api.w.org\/{rel}","templated":true}]}}