{"id":409446,"date":"2023-12-29T09:41:14","date_gmt":"2023-12-29T09:41:14","guid":{"rendered":"https:\/\/staging.laplanetedesenfants.com\/staging\/product\/impermeable-de-pluie-dragon-ball-super\/"},"modified":"2023-12-29T09:41:14","modified_gmt":"2023-12-29T09:41:14","slug":"impermeable-de-pluie-dragon-ball-super","status":"publish","type":"product","link":"https:\/\/staging.laplanetedesenfants.com\/staging\/produit\/impermeable-de-pluie-dragon-ball-super\/","title":{"rendered":"Imperm\u00e9able de pluie Dragon Ball Super"},"content":{"rendered":"<p>Imperm\u00e9able de pluie Dragon Ball Super<br \/>Mati\u00e8re : 100 % PVC<\/p>\n","protected":false},"excerpt":{"rendered":"<p>Imperm\u00e9able Dragon Ball Super 100% PVC \u00e0 capuche. Prot\u00e8ge de la pluie. Manches longues. Fermeture \u00e0 pressions. Capuche \u00e9lastique. Imprim\u00e9 du h\u00e9ros sur la poitrine et au dos.<\/p>\n","protected":false},"featured_media":409445,"template":"","meta":[],"product_brand":[],"product_cat":[13483,13633,13525,13651,13732,13504],"product_tag":[18571,14592,20326,14595,14593,14594],"class_list":{"0":"post-409446","1":"product","2":"type-product","3":"status-publish","4":"has-post-thumbnail","6":"product_cat-accueil","7":"product_cat-bonnets-de-bain","8":"product_cat-garcons","9":"product_cat-impermeables","10":"product_cat-manteaux-blousons","11":"product_cat-tous-les-produits","12":"product_tag-dragon-ball-super","13":"product_tag-impermeable","14":"product_tag-impermeable-de-pluie-dragon-ball","15":"product_tag-impermeables","16":"product_tag-manteau","17":"product_tag-manteaux","18":"pa_genre-garcon","19":"pa_taille-10ans_140cm","20":"pa_taille-4ans_104cm","21":"pa_taille-6ans_116cm","22":"pa_taille-8ans_128cm","24":"first","25":"instock","26":"sale","27":"shipping-taxable","28":"purchasable","29":"product-type-variable","30":"has-default-attributes"},"_links":{"self":[{"href":"https:\/\/staging.laplanetedesenfants.com\/staging\/wp-json\/wp\/v2\/product\/409446","targetHints":{"allow":["GET"]}}],"collection":[{"href":"https:\/\/staging.laplanetedesenfants.com\/staging\/wp-json\/wp\/v2\/product"}],"about":[{"href":"https:\/\/staging.laplanetedesenfants.com\/staging\/wp-json\/wp\/v2\/types\/product"}],"version-history":[{"count":0,"href":"https:\/\/staging.laplanetedesenfants.com\/staging\/wp-json\/wp\/v2\/product\/409446\/revisions"}],"wp:featuredmedia":[{"embeddable":true,"href":"https:\/\/staging.laplanetedesenfants.com\/staging\/wp-json\/wp\/v2\/media\/409445"}],"wp:attachment":[{"href":"https:\/\/staging.laplanetedesenfants.com\/staging\/wp-json\/wp\/v2\/media?parent=409446"}],"wp:term":[{"taxonomy":"product_brand","embeddable":true,"href":"https:\/\/staging.laplanetedesenfants.com\/staging\/wp-json\/wp\/v2\/product_brand?post=409446"},{"taxonomy":"product_cat","embeddable":true,"href":"https:\/\/staging.laplanetedesenfants.com\/staging\/wp-json\/wp\/v2\/product_cat?post=409446"},{"taxonomy":"product_tag","embeddable":true,"href":"https:\/\/staging.laplanetedesenfants.com\/staging\/wp-json\/wp\/v2\/product_tag?post=409446"}],"curies":[{"name":"wp","href":"https:\/\/api.w.org\/{rel}","templated":true}]}}