{"id":409581,"date":"2023-12-29T10:14:49","date_gmt":"2023-12-29T10:14:49","guid":{"rendered":"https:\/\/staging.laplanetedesenfants.com\/staging\/product\/impermeable-de-pluie-frozen-disney\/"},"modified":"2023-12-29T10:14:49","modified_gmt":"2023-12-29T10:14:49","slug":"impermeable-de-pluie-frozen-disney","status":"publish","type":"product","link":"https:\/\/staging.laplanetedesenfants.com\/staging\/produit\/impermeable-de-pluie-frozen-disney\/","title":{"rendered":"Imperm\u00e9able de pluie Frozen Disney"},"content":{"rendered":"<p>Imperm\u00e9able de pluie Frozen Disney<br \/>Mati\u00e8re : 100 % PVC<\/p>\n","protected":false},"excerpt":{"rendered":"<p>Imperm\u00e9able Frozen Disney 100% PVC \u00e0 capuche. Prot\u00e8ge de la pluie. Manches longues. Fermeture \u00e0 pressions. Capuche \u00e9lastique. Imprim\u00e9 du h\u00e9ros sur la poitrine et au dos.<\/p>\n","protected":false},"featured_media":409579,"template":"","meta":[],"product_brand":[],"product_cat":[13483,13531,13651,13732,13540,13504],"product_tag":[16061,14592,14595,14593,14594],"class_list":{"0":"post-409581","1":"product","2":"type-product","3":"status-publish","4":"has-post-thumbnail","6":"product_cat-accueil","7":"product_cat-filles","8":"product_cat-impermeables","9":"product_cat-manteaux-blousons","10":"product_cat-nouvelle-collection-fille","11":"product_cat-tous-les-produits","12":"product_tag-frozen-disney","13":"product_tag-impermeable","14":"product_tag-impermeables","15":"product_tag-manteau","16":"product_tag-manteaux","17":"pa_couleur-ciel","18":"pa_couleur-violet","19":"pa_genre-fille","20":"pa_taille-3ans_98cm","21":"pa_taille-4ans_104cm","22":"pa_taille-6ans_116cm","23":"pa_taille-8ans_128cm","25":"first","26":"instock","27":"sale","28":"shipping-taxable","29":"purchasable","30":"product-type-variable","31":"has-default-attributes"},"_links":{"self":[{"href":"https:\/\/staging.laplanetedesenfants.com\/staging\/wp-json\/wp\/v2\/product\/409581","targetHints":{"allow":["GET"]}}],"collection":[{"href":"https:\/\/staging.laplanetedesenfants.com\/staging\/wp-json\/wp\/v2\/product"}],"about":[{"href":"https:\/\/staging.laplanetedesenfants.com\/staging\/wp-json\/wp\/v2\/types\/product"}],"version-history":[{"count":0,"href":"https:\/\/staging.laplanetedesenfants.com\/staging\/wp-json\/wp\/v2\/product\/409581\/revisions"}],"wp:featuredmedia":[{"embeddable":true,"href":"https:\/\/staging.laplanetedesenfants.com\/staging\/wp-json\/wp\/v2\/media\/409579"}],"wp:attachment":[{"href":"https:\/\/staging.laplanetedesenfants.com\/staging\/wp-json\/wp\/v2\/media?parent=409581"}],"wp:term":[{"taxonomy":"product_brand","embeddable":true,"href":"https:\/\/staging.laplanetedesenfants.com\/staging\/wp-json\/wp\/v2\/product_brand?post=409581"},{"taxonomy":"product_cat","embeddable":true,"href":"https:\/\/staging.laplanetedesenfants.com\/staging\/wp-json\/wp\/v2\/product_cat?post=409581"},{"taxonomy":"product_tag","embeddable":true,"href":"https:\/\/staging.laplanetedesenfants.com\/staging\/wp-json\/wp\/v2\/product_tag?post=409581"}],"curies":[{"name":"wp","href":"https:\/\/api.w.org\/{rel}","templated":true}]}}