{"id":409633,"date":"2023-12-29T10:34:42","date_gmt":"2023-12-29T10:34:42","guid":{"rendered":"https:\/\/staging.laplanetedesenfants.com\/staging\/product\/impermeable-de-pluie-paw-patrol-2\/"},"modified":"2023-12-29T10:34:42","modified_gmt":"2023-12-29T10:34:42","slug":"impermeable-de-pluie-paw-patrol-2","status":"publish","type":"product","link":"https:\/\/staging.laplanetedesenfants.com\/staging\/produit\/impermeable-de-pluie-paw-patrol-2\/","title":{"rendered":"Imperm\u00e9able de pluie Paw Patrol"},"content":{"rendered":"<p>Imperm\u00e9able de pluie Paw Patrol<br \/>Mati\u00e8re : 100 % PVC<\/p>\n","protected":false},"excerpt":{"rendered":"<p>Imperm\u00e9able Paw Patrol 100% PVC \u00e0 capuche. Prot\u00e8ge de la pluie. Manches longues. Fermeture \u00e0 pressions. Capuche \u00e9lastique. Imprim\u00e9 du h\u00e9ros sur la poitrine et au dos.<\/p>\n","protected":false},"featured_media":409632,"template":"","meta":[],"product_brand":[],"product_cat":[13483,13531,13651,13732,13540,13504],"product_tag":[14592,14595,14593,14594,14624],"class_list":{"0":"post-409633","1":"product","2":"type-product","3":"status-publish","4":"has-post-thumbnail","6":"product_cat-accueil","7":"product_cat-filles","8":"product_cat-impermeables","9":"product_cat-manteaux-blousons","10":"product_cat-nouvelle-collection-fille","11":"product_cat-tous-les-produits","12":"product_tag-impermeable","13":"product_tag-impermeables","14":"product_tag-manteau","15":"product_tag-manteaux","16":"product_tag-paw-patrol","17":"pa_genre-fille","18":"pa_taille-3ans_98cm","19":"pa_taille-4ans_104cm","20":"pa_taille-5ans_110cm","21":"pa_taille-6ans_116cm","23":"first","24":"instock","25":"sale","26":"shipping-taxable","27":"purchasable","28":"product-type-variable","29":"has-default-attributes"},"_links":{"self":[{"href":"https:\/\/staging.laplanetedesenfants.com\/staging\/wp-json\/wp\/v2\/product\/409633","targetHints":{"allow":["GET"]}}],"collection":[{"href":"https:\/\/staging.laplanetedesenfants.com\/staging\/wp-json\/wp\/v2\/product"}],"about":[{"href":"https:\/\/staging.laplanetedesenfants.com\/staging\/wp-json\/wp\/v2\/types\/product"}],"version-history":[{"count":0,"href":"https:\/\/staging.laplanetedesenfants.com\/staging\/wp-json\/wp\/v2\/product\/409633\/revisions"}],"wp:featuredmedia":[{"embeddable":true,"href":"https:\/\/staging.laplanetedesenfants.com\/staging\/wp-json\/wp\/v2\/media\/409632"}],"wp:attachment":[{"href":"https:\/\/staging.laplanetedesenfants.com\/staging\/wp-json\/wp\/v2\/media?parent=409633"}],"wp:term":[{"taxonomy":"product_brand","embeddable":true,"href":"https:\/\/staging.laplanetedesenfants.com\/staging\/wp-json\/wp\/v2\/product_brand?post=409633"},{"taxonomy":"product_cat","embeddable":true,"href":"https:\/\/staging.laplanetedesenfants.com\/staging\/wp-json\/wp\/v2\/product_cat?post=409633"},{"taxonomy":"product_tag","embeddable":true,"href":"https:\/\/staging.laplanetedesenfants.com\/staging\/wp-json\/wp\/v2\/product_tag?post=409633"}],"curies":[{"name":"wp","href":"https:\/\/api.w.org\/{rel}","templated":true}]}}