{"id":410810,"date":"2024-01-25T14:02:12","date_gmt":"2024-01-25T14:02:12","guid":{"rendered":"https:\/\/staging.laplanetedesenfants.com\/staging\/product\/casquette-cars-disney-4\/"},"modified":"2024-01-25T14:02:12","modified_gmt":"2024-01-25T14:02:12","slug":"casquette-cars-disney-4","status":"publish","type":"product","link":"https:\/\/staging.laplanetedesenfants.com\/staging\/produit\/casquette-cars-disney-4\/","title":{"rendered":"Casquette Cars Disney"},"content":{"rendered":"<p>La Plan\u00e8te des Enfants vous propose cette\u00a0<span style=\"text-decoration:underline;\"><strong>Casquette\u00a0<\/strong><\/span><b><u>Cars Disney<\/u><\/b>. R\u00e9glable par scratch. Image imprim\u00e9e devant et sur la visi\u00e8re. Tr\u00e8s l\u00e9g\u00e8re et prot\u00e8ge du soleil.<br \/>Entretien: Lavage \u00e0 la main.<\/p>\n<p>100% Polyester<\/p><\/p>\n","protected":false},"excerpt":{"rendered":"<p>La Plan\u00e8te des Enfants vous propose cette\u00a0<span style=\"text-decoration:underline;\"><strong>Casquette\u00a0<\/strong><\/span><b><u>Cars Disney<\/u><\/b>. R\u00e9glable par scratch. Image imprim\u00e9e devant et sur la visi\u00e8re. Tr\u00e8s l\u00e9g\u00e8re et prot\u00e8ge du soleil.<br \/>Entretien: Lavage \u00e0 la main.<\/p>\n<p>100% Polyester<\/p><\/p>\n","protected":false},"featured_media":410808,"template":"","meta":[],"product_brand":[],"product_cat":[13486,13483,13615,13507,13501,13534,13504],"product_tag":[14846,16715,14799,14652],"class_list":{"0":"post-410810","1":"product","2":"type-product","3":"status-publish","4":"has-post-thumbnail","6":"product_cat-accessoires","7":"product_cat-accueil","8":"product_cat-casquettes-bobs","9":"product_cat-ete","10":"product_cat-nouveautes","11":"product_cat-promos","12":"product_cat-tous-les-produits","13":"product_tag-cars-disney","14":"product_tag-casquette-cars-disney","15":"product_tag-enfants","16":"product_tag-plage","17":"pa_couleur-marine","18":"pa_couleur-rouge","19":"pa_genre-garcon","20":"pa_taille-51cm","21":"pa_taille-53cm","23":"first","24":"instock","25":"sale","26":"shipping-taxable","27":"purchasable","28":"product-type-variable","29":"has-default-attributes"},"_links":{"self":[{"href":"https:\/\/staging.laplanetedesenfants.com\/staging\/wp-json\/wp\/v2\/product\/410810","targetHints":{"allow":["GET"]}}],"collection":[{"href":"https:\/\/staging.laplanetedesenfants.com\/staging\/wp-json\/wp\/v2\/product"}],"about":[{"href":"https:\/\/staging.laplanetedesenfants.com\/staging\/wp-json\/wp\/v2\/types\/product"}],"version-history":[{"count":0,"href":"https:\/\/staging.laplanetedesenfants.com\/staging\/wp-json\/wp\/v2\/product\/410810\/revisions"}],"wp:featuredmedia":[{"embeddable":true,"href":"https:\/\/staging.laplanetedesenfants.com\/staging\/wp-json\/wp\/v2\/media\/410808"}],"wp:attachment":[{"href":"https:\/\/staging.laplanetedesenfants.com\/staging\/wp-json\/wp\/v2\/media?parent=410810"}],"wp:term":[{"taxonomy":"product_brand","embeddable":true,"href":"https:\/\/staging.laplanetedesenfants.com\/staging\/wp-json\/wp\/v2\/product_brand?post=410810"},{"taxonomy":"product_cat","embeddable":true,"href":"https:\/\/staging.laplanetedesenfants.com\/staging\/wp-json\/wp\/v2\/product_cat?post=410810"},{"taxonomy":"product_tag","embeddable":true,"href":"https:\/\/staging.laplanetedesenfants.com\/staging\/wp-json\/wp\/v2\/product_tag?post=410810"}],"curies":[{"name":"wp","href":"https:\/\/api.w.org\/{rel}","templated":true}]}}