{"id":411760,"date":"2024-02-14T16:07:24","date_gmt":"2024-02-14T16:07:24","guid":{"rendered":"https:\/\/staging.laplanetedesenfants.com\/staging\/product\/casquette-mickey-disney-13\/"},"modified":"2024-02-14T16:07:24","modified_gmt":"2024-02-14T16:07:24","slug":"casquette-mickey-disney-13","status":"publish","type":"product","link":"https:\/\/staging.laplanetedesenfants.com\/staging\/produit\/casquette-mickey-disney-13\/","title":{"rendered":"Casquette Mickey Disney"},"content":{"rendered":"<p>La Plan\u00e8te des Enfants vous propose cette <b><u>Mickey Disney<\/u><\/b>. R\u00e9glable par scratch. Image imprim\u00e9e devant et sur la visi\u00e8re. Tr\u00e8s l\u00e9g\u00e8re et prot\u00e8ge du soleil.<br \/>Entretien: Lavage \u00e0 la main.<\/p>\n<p>-Front Panel 100% Polyester<\/p>\n<p>-Back panel: 100 % Coton<\/p><\/p>\n","protected":false},"excerpt":{"rendered":"<p>La Plan\u00e8te des Enfants vous propose cette\u00a0<span style=\"text-decoration:underline;\"><b><u>Casquette\u00a0<\/u><\/b><b><u>Mickey Disney<\/u><\/b><b> <\/b><\/span>. R\u00e9glable par scratch. Image imprim\u00e9e devant et sur la visi\u00e8re. Tr\u00e8s l\u00e9g\u00e8re et prot\u00e8ge du soleil.<br \/>Entretien: Lavage \u00e0 la main.<\/p>\n<p>-Front Panel 100% Polyester<\/p>\n<p>-Back panel: 100 % Coton<\/p><\/p>\n","protected":false},"featured_media":411758,"template":"","meta":[],"product_brand":[],"product_cat":[13486,13483,13615,13507,13501,13534,13504],"product_tag":[14751,17786,14799,15361,14652],"class_list":{"0":"post-411760","1":"product","2":"type-product","3":"status-publish","4":"has-post-thumbnail","6":"product_cat-accessoires","7":"product_cat-accueil","8":"product_cat-casquettes-bobs","9":"product_cat-ete","10":"product_cat-nouveautes","11":"product_cat-promos","12":"product_cat-tous-les-produits","13":"product_tag-casquette-bleu","14":"product_tag-casquette-mickey-disney","15":"product_tag-enfants","16":"product_tag-mickey-disney","17":"product_tag-plage","18":"pa_couleur-marine","19":"pa_couleur-rouge","20":"pa_genre-garcon","21":"pa_taille-51cm","22":"pa_taille-53cm","24":"first","25":"instock","26":"sale","27":"shipping-taxable","28":"purchasable","29":"product-type-variable","30":"has-default-attributes"},"_links":{"self":[{"href":"https:\/\/staging.laplanetedesenfants.com\/staging\/wp-json\/wp\/v2\/product\/411760","targetHints":{"allow":["GET"]}}],"collection":[{"href":"https:\/\/staging.laplanetedesenfants.com\/staging\/wp-json\/wp\/v2\/product"}],"about":[{"href":"https:\/\/staging.laplanetedesenfants.com\/staging\/wp-json\/wp\/v2\/types\/product"}],"version-history":[{"count":0,"href":"https:\/\/staging.laplanetedesenfants.com\/staging\/wp-json\/wp\/v2\/product\/411760\/revisions"}],"wp:featuredmedia":[{"embeddable":true,"href":"https:\/\/staging.laplanetedesenfants.com\/staging\/wp-json\/wp\/v2\/media\/411758"}],"wp:attachment":[{"href":"https:\/\/staging.laplanetedesenfants.com\/staging\/wp-json\/wp\/v2\/media?parent=411760"}],"wp:term":[{"taxonomy":"product_brand","embeddable":true,"href":"https:\/\/staging.laplanetedesenfants.com\/staging\/wp-json\/wp\/v2\/product_brand?post=411760"},{"taxonomy":"product_cat","embeddable":true,"href":"https:\/\/staging.laplanetedesenfants.com\/staging\/wp-json\/wp\/v2\/product_cat?post=411760"},{"taxonomy":"product_tag","embeddable":true,"href":"https:\/\/staging.laplanetedesenfants.com\/staging\/wp-json\/wp\/v2\/product_tag?post=411760"}],"curies":[{"name":"wp","href":"https:\/\/api.w.org\/{rel}","templated":true}]}}