{"id":411981,"date":"2024-02-16T14:18:36","date_gmt":"2024-02-16T14:18:36","guid":{"rendered":"https:\/\/staging.laplanetedesenfants.com\/staging\/product\/casquette-avengers-marvel-9\/"},"modified":"2024-02-16T14:18:36","modified_gmt":"2024-02-16T14:18:36","slug":"casquette-avengers-marvel-9","status":"publish","type":"product","link":"https:\/\/staging.laplanetedesenfants.com\/staging\/produit\/casquette-avengers-marvel-9\/","title":{"rendered":"Casquette Avengers Marvel"},"content":{"rendered":"<p>La Plan\u00e8te des Enfants vous propose cette\u00a0<span style=\"text-decoration:underline;\"><strong>Casquette <\/strong><\/span><b><u>Avengers Marvel<\/u><\/b>. R\u00e9glable par scratch. Image imprim\u00e9e devant et sur la visi\u00e8re. Tr\u00e8s l\u00e9g\u00e8re et prot\u00e8ge du soleil.<br \/>Entretien: Lavage \u00e0 la main.<\/p>\n<p>Front Panel 100% Polyester<\/p>\n<p>Back panel: 100 % Coton<\/p>\n","protected":false},"excerpt":{"rendered":"<p>La Plan\u00e8te des Enfants vous propose cette\u00a0<span style=\"text-decoration:underline;\"><strong>Casquette <\/strong><\/span><u><b>Avengers Marvel<\/b><\/u>. R\u00e9glable par scratch. Image imprim\u00e9e devant et sur la visi\u00e8re. Tr\u00e8s l\u00e9g\u00e8re et prot\u00e8ge du soleil.<br \/>Entretien: Lavage \u00e0 la main.<\/p>\n<p>Front Panel 100% Polyester<\/p>\n<p>Back panel: 100 % Coton<\/p><\/p>\n","protected":false},"featured_media":411979,"template":"","meta":[],"product_brand":[],"product_cat":[13486,13483,13615,13507,13501,13534,13504],"product_tag":[15339,18003,14799,14652],"class_list":{"0":"post-411981","1":"product","2":"type-product","3":"status-publish","4":"has-post-thumbnail","6":"product_cat-accessoires","7":"product_cat-accueil","8":"product_cat-casquettes-bobs","9":"product_cat-ete","10":"product_cat-nouveautes","11":"product_cat-promos","12":"product_cat-tous-les-produits","13":"product_tag-avengers-marvel","14":"product_tag-casquette-avengers-marvel","15":"product_tag-enfants","16":"product_tag-plage","17":"pa_couleur-ciel","18":"pa_couleur-marine","19":"pa_genre-garcon","20":"pa_taille-53cm","21":"pa_taille-55cm","23":"first","24":"instock","25":"sale","26":"shipping-taxable","27":"purchasable","28":"product-type-variable","29":"has-default-attributes"},"_links":{"self":[{"href":"https:\/\/staging.laplanetedesenfants.com\/staging\/wp-json\/wp\/v2\/product\/411981","targetHints":{"allow":["GET"]}}],"collection":[{"href":"https:\/\/staging.laplanetedesenfants.com\/staging\/wp-json\/wp\/v2\/product"}],"about":[{"href":"https:\/\/staging.laplanetedesenfants.com\/staging\/wp-json\/wp\/v2\/types\/product"}],"version-history":[{"count":0,"href":"https:\/\/staging.laplanetedesenfants.com\/staging\/wp-json\/wp\/v2\/product\/411981\/revisions"}],"wp:featuredmedia":[{"embeddable":true,"href":"https:\/\/staging.laplanetedesenfants.com\/staging\/wp-json\/wp\/v2\/media\/411979"}],"wp:attachment":[{"href":"https:\/\/staging.laplanetedesenfants.com\/staging\/wp-json\/wp\/v2\/media?parent=411981"}],"wp:term":[{"taxonomy":"product_brand","embeddable":true,"href":"https:\/\/staging.laplanetedesenfants.com\/staging\/wp-json\/wp\/v2\/product_brand?post=411981"},{"taxonomy":"product_cat","embeddable":true,"href":"https:\/\/staging.laplanetedesenfants.com\/staging\/wp-json\/wp\/v2\/product_cat?post=411981"},{"taxonomy":"product_tag","embeddable":true,"href":"https:\/\/staging.laplanetedesenfants.com\/staging\/wp-json\/wp\/v2\/product_tag?post=411981"}],"curies":[{"name":"wp","href":"https:\/\/api.w.org\/{rel}","templated":true}]}}