{"id":412572,"date":"2024-02-29T15:47:28","date_gmt":"2024-02-29T15:47:28","guid":{"rendered":"https:\/\/staging.laplanetedesenfants.com\/staging\/product\/tongs-peppa-pig-avec-bride-elastiquee\/"},"modified":"2024-02-29T15:47:28","modified_gmt":"2024-02-29T15:47:28","slug":"tongs-peppa-pig-avec-bride-elastiquee","status":"publish","type":"product","link":"https:\/\/staging.laplanetedesenfants.com\/staging\/produit\/tongs-peppa-pig-avec-bride-elastiquee\/","title":{"rendered":"Tongs Peppa Pig avec bride \u00e9lastiqu\u00e9e"},"content":{"rendered":"<h4 class=\"rte align_justify\">Tongs Peppa Pig\u00a0 avec bride \u00e9lastiqu\u00e9e<\/h4>\n<p class=\"rte align_justify\">C\u00f4t\u00e9 confort, on appr\u00e9cie \u00e9galement leur bride \u00e9lastiqu\u00e9e \u00e0 passer derri\u00e8re le talon pour bien tenir au pied.<\/p>\n","protected":false},"excerpt":{"rendered":"<p><span>\u00a0Mati\u00e8re 100% PVC. Couleurs contrastantes. Entretien: Nettoyer \u00e0 la main avec une lingette.<\/span><\/p>\n","protected":false},"featured_media":412568,"template":"","meta":[],"product_brand":[],"product_cat":[13486,13483,13723,13507,13531,13501,13534,13504],"product_tag":[14851,14610,20495,18877,15450,18021,19150],"class_list":{"0":"post-412572","1":"product","2":"type-product","3":"status-publish","4":"has-post-thumbnail","6":"product_cat-accessoires","7":"product_cat-accueil","8":"product_cat-chaussons-tongs-bottes-de-pluie","9":"product_cat-ete","10":"product_cat-filles","11":"product_cat-nouveautes","12":"product_cat-promos","13":"product_cat-tous-les-produits","14":"product_tag-peppa-pig","15":"product_tag-tongs","16":"product_tag-tongs-avec-elastiquee","17":"product_tag-tongs-de-plage","18":"product_tag-tongs-paw-patrol","19":"product_tag-tongs-peppa-pig","20":"product_tag-tongs-picine","21":"pa_couleur-fuchsia","22":"pa_couleur-rosepale","23":"pa_pointure-19_20","24":"pa_pointure-22_23","25":"pa_pointure-24_25","27":"first","28":"instock","29":"sale","30":"shipping-taxable","31":"purchasable","32":"product-type-variable","33":"has-default-attributes"},"_links":{"self":[{"href":"https:\/\/staging.laplanetedesenfants.com\/staging\/wp-json\/wp\/v2\/product\/412572","targetHints":{"allow":["GET"]}}],"collection":[{"href":"https:\/\/staging.laplanetedesenfants.com\/staging\/wp-json\/wp\/v2\/product"}],"about":[{"href":"https:\/\/staging.laplanetedesenfants.com\/staging\/wp-json\/wp\/v2\/types\/product"}],"version-history":[{"count":0,"href":"https:\/\/staging.laplanetedesenfants.com\/staging\/wp-json\/wp\/v2\/product\/412572\/revisions"}],"wp:featuredmedia":[{"embeddable":true,"href":"https:\/\/staging.laplanetedesenfants.com\/staging\/wp-json\/wp\/v2\/media\/412568"}],"wp:attachment":[{"href":"https:\/\/staging.laplanetedesenfants.com\/staging\/wp-json\/wp\/v2\/media?parent=412572"}],"wp:term":[{"taxonomy":"product_brand","embeddable":true,"href":"https:\/\/staging.laplanetedesenfants.com\/staging\/wp-json\/wp\/v2\/product_brand?post=412572"},{"taxonomy":"product_cat","embeddable":true,"href":"https:\/\/staging.laplanetedesenfants.com\/staging\/wp-json\/wp\/v2\/product_cat?post=412572"},{"taxonomy":"product_tag","embeddable":true,"href":"https:\/\/staging.laplanetedesenfants.com\/staging\/wp-json\/wp\/v2\/product_tag?post=412572"}],"curies":[{"name":"wp","href":"https:\/\/api.w.org\/{rel}","templated":true}]}}