{"id":412658,"date":"2024-03-01T13:47:14","date_gmt":"2024-03-01T13:47:14","guid":{"rendered":"https:\/\/staging.laplanetedesenfants.com\/staging\/product\/tongs-le-roi-lion-disney-avec-bride-elastiquee\/"},"modified":"2024-03-01T13:47:14","modified_gmt":"2024-03-01T13:47:14","slug":"tongs-le-roi-lion-disney-avec-bride-elastiquee","status":"publish","type":"product","link":"https:\/\/staging.laplanetedesenfants.com\/staging\/produit\/tongs-le-roi-lion-disney-avec-bride-elastiquee\/","title":{"rendered":"Tongs Le Roi Lion Disney avec bride \u00e9lastiqu\u00e9e"},"content":{"rendered":"<h4 class=\"rte align_justify\">Tongs Le Roi Lion Disney avec bride \u00e9lastiqu\u00e9e<\/h4>\n<p class=\"rte align_justify\">C\u00f4t\u00e9 confort, on appr\u00e9cie \u00e9galement leur bride \u00e9lastiqu\u00e9e \u00e0 passer derri\u00e8re le talon pour bien tenir au pied.<\/p>\n","protected":false},"excerpt":{"rendered":"<p><span>\u00a0Mati\u00e8re 100% PVC. Couleurs contrastantes. Entretien: Nettoyer \u00e0 la main avec une lingette.<\/span><\/p>\n","protected":false},"featured_media":412654,"template":"","meta":[],"product_brand":[],"product_cat":[13486,13483,13723,13507,13525,13501,13534,13504],"product_tag":[14610,20495,18877,18023,19150],"class_list":{"0":"post-412658","1":"product","2":"type-product","3":"status-publish","4":"has-post-thumbnail","6":"product_cat-accessoires","7":"product_cat-accueil","8":"product_cat-chaussons-tongs-bottes-de-pluie","9":"product_cat-ete","10":"product_cat-garcons","11":"product_cat-nouveautes","12":"product_cat-promos","13":"product_cat-tous-les-produits","14":"product_tag-tongs","15":"product_tag-tongs-avec-elastiquee","16":"product_tag-tongs-de-plage","17":"product_tag-tongs-le-roi-lion-disney","18":"product_tag-tongs-picine","19":"pa_couleur-bordeaux","20":"pa_couleur-orange","21":"pa_pointure-19_20","22":"pa_pointure-22_23","23":"pa_pointure-24_25","25":"first","26":"instock","27":"sale","28":"shipping-taxable","29":"purchasable","30":"product-type-variable","31":"has-default-attributes"},"_links":{"self":[{"href":"https:\/\/staging.laplanetedesenfants.com\/staging\/wp-json\/wp\/v2\/product\/412658","targetHints":{"allow":["GET"]}}],"collection":[{"href":"https:\/\/staging.laplanetedesenfants.com\/staging\/wp-json\/wp\/v2\/product"}],"about":[{"href":"https:\/\/staging.laplanetedesenfants.com\/staging\/wp-json\/wp\/v2\/types\/product"}],"version-history":[{"count":0,"href":"https:\/\/staging.laplanetedesenfants.com\/staging\/wp-json\/wp\/v2\/product\/412658\/revisions"}],"wp:featuredmedia":[{"embeddable":true,"href":"https:\/\/staging.laplanetedesenfants.com\/staging\/wp-json\/wp\/v2\/media\/412654"}],"wp:attachment":[{"href":"https:\/\/staging.laplanetedesenfants.com\/staging\/wp-json\/wp\/v2\/media?parent=412658"}],"wp:term":[{"taxonomy":"product_brand","embeddable":true,"href":"https:\/\/staging.laplanetedesenfants.com\/staging\/wp-json\/wp\/v2\/product_brand?post=412658"},{"taxonomy":"product_cat","embeddable":true,"href":"https:\/\/staging.laplanetedesenfants.com\/staging\/wp-json\/wp\/v2\/product_cat?post=412658"},{"taxonomy":"product_tag","embeddable":true,"href":"https:\/\/staging.laplanetedesenfants.com\/staging\/wp-json\/wp\/v2\/product_tag?post=412658"}],"curies":[{"name":"wp","href":"https:\/\/api.w.org\/{rel}","templated":true}]}}