{"id":413203,"date":"2024-03-08T10:55:15","date_gmt":"2024-03-08T10:55:15","guid":{"rendered":"https:\/\/staging.laplanetedesenfants.com\/staging\/product\/casquette-paw-patrol-full-sublimation-5\/"},"modified":"2024-03-08T10:55:15","modified_gmt":"2024-03-08T10:55:15","slug":"casquette-paw-patrol-full-sublimation-5","status":"publish","type":"product","link":"https:\/\/staging.laplanetedesenfants.com\/staging\/produit\/casquette-paw-patrol-full-sublimation-5\/","title":{"rendered":"Casquette  Paw Patrol Full Sublimation"},"content":{"rendered":"<p>La Plan\u00e8te des Enfants vous propose cette\u00a0<span style=\"text-decoration:underline;\"><strong>Casquette Paw Patrol<\/strong><\/span>. R\u00e9glable par scratch. Image imprim\u00e9e devant et sur la visi\u00e8re. Tr\u00e8s l\u00e9g\u00e8re et prot\u00e8ge du soleil.<br \/>Entretien: Lavage \u00e0 la main.<\/p>\n<p>100 % polyester\u00a0<\/p>\n","protected":false},"excerpt":{"rendered":"<p>La Plan\u00e8te des Enfants vous propose cette\u00a0<span style=\"text-decoration:underline;\"><strong>Casquette Paw Patrol\u00a0<\/strong><\/span>. R\u00e9glable par scratch. Image imprim\u00e9e devant et sur la visi\u00e8re. Tr\u00e8s l\u00e9g\u00e8re et prot\u00e8ge du soleil.<br \/>Entretien: Lavage \u00e0 la main.<\/p>\n<p>100% polyester\u00a0<\/p><\/p>\n","protected":false},"featured_media":413202,"template":"","meta":[],"product_brand":[],"product_cat":[13486,13483,13615,13507,13501,13537,13534,13504],"product_tag":[15949,14799,14624,14652],"class_list":{"0":"post-413203","1":"product","2":"type-product","3":"status-publish","4":"has-post-thumbnail","6":"product_cat-accessoires","7":"product_cat-accueil","8":"product_cat-casquettes-bobs","9":"product_cat-ete","10":"product_cat-nouveautes","11":"product_cat-nouvelle-collection-garcon","12":"product_cat-promos","13":"product_cat-tous-les-produits","14":"product_tag-casquette-paw-patrol","15":"product_tag-enfants","16":"product_tag-paw-patrol","17":"product_tag-plage","18":"pa_genre-garcon","19":"pa_taille-51cm","20":"pa_taille-53cm","22":"first","23":"instock","24":"sale","25":"shipping-taxable","26":"purchasable","27":"product-type-variable","28":"has-default-attributes"},"_links":{"self":[{"href":"https:\/\/staging.laplanetedesenfants.com\/staging\/wp-json\/wp\/v2\/product\/413203","targetHints":{"allow":["GET"]}}],"collection":[{"href":"https:\/\/staging.laplanetedesenfants.com\/staging\/wp-json\/wp\/v2\/product"}],"about":[{"href":"https:\/\/staging.laplanetedesenfants.com\/staging\/wp-json\/wp\/v2\/types\/product"}],"version-history":[{"count":0,"href":"https:\/\/staging.laplanetedesenfants.com\/staging\/wp-json\/wp\/v2\/product\/413203\/revisions"}],"wp:featuredmedia":[{"embeddable":true,"href":"https:\/\/staging.laplanetedesenfants.com\/staging\/wp-json\/wp\/v2\/media\/413202"}],"wp:attachment":[{"href":"https:\/\/staging.laplanetedesenfants.com\/staging\/wp-json\/wp\/v2\/media?parent=413203"}],"wp:term":[{"taxonomy":"product_brand","embeddable":true,"href":"https:\/\/staging.laplanetedesenfants.com\/staging\/wp-json\/wp\/v2\/product_brand?post=413203"},{"taxonomy":"product_cat","embeddable":true,"href":"https:\/\/staging.laplanetedesenfants.com\/staging\/wp-json\/wp\/v2\/product_cat?post=413203"},{"taxonomy":"product_tag","embeddable":true,"href":"https:\/\/staging.laplanetedesenfants.com\/staging\/wp-json\/wp\/v2\/product_tag?post=413203"}],"curies":[{"name":"wp","href":"https:\/\/api.w.org\/{rel}","templated":true}]}}