{"id":415439,"date":"2024-10-17T12:58:49","date_gmt":"2024-10-17T12:58:49","guid":{"rendered":"https:\/\/staging.laplanetedesenfants.com\/staging\/product\/cagoule-cars\/"},"modified":"2024-10-17T12:58:49","modified_gmt":"2024-10-17T12:58:49","slug":"cagoule-cars","status":"publish","type":"product","link":"https:\/\/staging.laplanetedesenfants.com\/staging\/produit\/cagoule-cars\/","title":{"rendered":"Cagoule Cars"},"content":{"rendered":"<p>Cette cagoule Cars unie \u00e0 la finition c\u00f4te 2&#215;2 est ray\u00e9e au niveau du cou. On note que sur le cot\u00e9 de la cagoule l&#8217;image est cousue ce qui garantie une tenue parfaite tout au long de son utilisation. Taille unique. Mati\u00e8re: 100% acrylique. Entretien: Lavage \u00e0 40 \u00b0C.<\/p>\n","protected":false},"excerpt":{"rendered":"<p>Cette cagoule Cars unie \u00e0 la finition c\u00f4te 2&#215;2 est ray\u00e9e au niveau du cou. On note que sur le cot\u00e9 de la cagoule l&#8217;image est brod\u00e9e ce qui garantie une tenue parfaite tout au long de son utilisation. Taille unique. Mati\u00e8re: 100% acrylique. Entretien: Lavage \u00e0 40 \u00b0C.<\/p>\n","protected":false},"featured_media":415436,"template":"","meta":[],"product_brand":[],"product_cat":[13486,13483,13648,13525,13546,13504],"product_tag":[13438,13439,13452,13453,14680,13440],"class_list":{"0":"post-415439","1":"product","2":"type-product","3":"status-publish","4":"has-post-thumbnail","6":"product_cat-accessoires","7":"product_cat-accueil","8":"product_cat-bonnets-cagoules","9":"product_cat-garcons","10":"product_cat-solde-automne-hiver-2023","11":"product_cat-tous-les-produits","12":"product_tag-bonnet","13":"product_tag-bonnets","14":"product_tag-cagoule","15":"product_tag-cagoules","16":"product_tag-cars","17":"product_tag-disney","18":"pa_couleur-bleu","19":"pa_couleur-marine","20":"pa_couleur-rouge","21":"pa_genre-garcon","23":"first","24":"instock","25":"sale","26":"shipping-taxable","27":"purchasable","28":"product-type-variable","29":"has-default-attributes"},"_links":{"self":[{"href":"https:\/\/staging.laplanetedesenfants.com\/staging\/wp-json\/wp\/v2\/product\/415439","targetHints":{"allow":["GET"]}}],"collection":[{"href":"https:\/\/staging.laplanetedesenfants.com\/staging\/wp-json\/wp\/v2\/product"}],"about":[{"href":"https:\/\/staging.laplanetedesenfants.com\/staging\/wp-json\/wp\/v2\/types\/product"}],"version-history":[{"count":0,"href":"https:\/\/staging.laplanetedesenfants.com\/staging\/wp-json\/wp\/v2\/product\/415439\/revisions"}],"wp:featuredmedia":[{"embeddable":true,"href":"https:\/\/staging.laplanetedesenfants.com\/staging\/wp-json\/wp\/v2\/media\/415436"}],"wp:attachment":[{"href":"https:\/\/staging.laplanetedesenfants.com\/staging\/wp-json\/wp\/v2\/media?parent=415439"}],"wp:term":[{"taxonomy":"product_brand","embeddable":true,"href":"https:\/\/staging.laplanetedesenfants.com\/staging\/wp-json\/wp\/v2\/product_brand?post=415439"},{"taxonomy":"product_cat","embeddable":true,"href":"https:\/\/staging.laplanetedesenfants.com\/staging\/wp-json\/wp\/v2\/product_cat?post=415439"},{"taxonomy":"product_tag","embeddable":true,"href":"https:\/\/staging.laplanetedesenfants.com\/staging\/wp-json\/wp\/v2\/product_tag?post=415439"}],"curies":[{"name":"wp","href":"https:\/\/api.w.org\/{rel}","templated":true}]}}