{"id":415469,"date":"2024-10-17T15:24:34","date_gmt":"2024-10-17T15:24:34","guid":{"rendered":"https:\/\/staging.laplanetedesenfants.com\/staging\/product\/cagoule-soy-luna\/"},"modified":"2024-10-17T15:24:34","modified_gmt":"2024-10-17T15:24:34","slug":"cagoule-soy-luna","status":"publish","type":"product","link":"https:\/\/staging.laplanetedesenfants.com\/staging\/produit\/cagoule-soy-luna\/","title":{"rendered":"Cagoule Soy Luna"},"content":{"rendered":"<p>Cette cagoule Soy Luna unie \u00e0 la finition c\u00f4te 2&#215;2 est ray\u00e9e au niveau du cou. On note que sur le cot\u00e9 de la cagoule l&#8217;image est cousue ce qui garantie une tenue parfaite tout au long de son utilisation. Taille unique. Mati\u00e8re: 100% acrylique. Entretien: Lavage \u00e0 40 \u00b0C.<\/p>\n","protected":false},"excerpt":{"rendered":"<p>5Cette cagoule Soy Luna\u00a0 unie \u00e0 la finition c\u00f4te 2&#215;2 est ray\u00e9e au niveau du cou. On note que sur le cot\u00e9 de la cagoule l&#8217;image est brod\u00e9e ce qui garantie une tenue parfaite tout au long de son utilisation. Taille unique. Mati\u00e8re: 100% acrylique. Entretien: Lavage \u00e0 40 \u00b0C.<\/p>\n","protected":false},"featured_media":415466,"template":"","meta":[],"product_brand":[],"product_cat":[13486,13483,13648,13531,13540,13546,13504],"product_tag":[13438,13439,13452,20742,13453,13440,15479],"class_list":{"0":"post-415469","1":"product","2":"type-product","3":"status-publish","4":"has-post-thumbnail","6":"product_cat-accessoires","7":"product_cat-accueil","8":"product_cat-bonnets-cagoules","9":"product_cat-filles","10":"product_cat-nouvelle-collection-fille","11":"product_cat-solde-automne-hiver-2023","12":"product_cat-tous-les-produits","13":"product_tag-bonnet","14":"product_tag-bonnets","15":"product_tag-cagoule","16":"product_tag-cagoule-soy-luna","17":"product_tag-cagoules","18":"product_tag-disney","19":"product_tag-soy-luna","20":"pa_couleur-fuchsia","21":"pa_couleur-rose","22":"pa_couleur-violet","23":"pa_genre-fille","25":"first","26":"instock","27":"shipping-taxable","28":"purchasable","29":"product-type-variable","30":"has-default-attributes"},"_links":{"self":[{"href":"https:\/\/staging.laplanetedesenfants.com\/staging\/wp-json\/wp\/v2\/product\/415469","targetHints":{"allow":["GET"]}}],"collection":[{"href":"https:\/\/staging.laplanetedesenfants.com\/staging\/wp-json\/wp\/v2\/product"}],"about":[{"href":"https:\/\/staging.laplanetedesenfants.com\/staging\/wp-json\/wp\/v2\/types\/product"}],"version-history":[{"count":0,"href":"https:\/\/staging.laplanetedesenfants.com\/staging\/wp-json\/wp\/v2\/product\/415469\/revisions"}],"wp:featuredmedia":[{"embeddable":true,"href":"https:\/\/staging.laplanetedesenfants.com\/staging\/wp-json\/wp\/v2\/media\/415466"}],"wp:attachment":[{"href":"https:\/\/staging.laplanetedesenfants.com\/staging\/wp-json\/wp\/v2\/media?parent=415469"}],"wp:term":[{"taxonomy":"product_brand","embeddable":true,"href":"https:\/\/staging.laplanetedesenfants.com\/staging\/wp-json\/wp\/v2\/product_brand?post=415469"},{"taxonomy":"product_cat","embeddable":true,"href":"https:\/\/staging.laplanetedesenfants.com\/staging\/wp-json\/wp\/v2\/product_cat?post=415469"},{"taxonomy":"product_tag","embeddable":true,"href":"https:\/\/staging.laplanetedesenfants.com\/staging\/wp-json\/wp\/v2\/product_tag?post=415469"}],"curies":[{"name":"wp","href":"https:\/\/api.w.org\/{rel}","templated":true}]}}