{"id":416060,"date":"2024-10-29T14:49:43","date_gmt":"2024-10-29T14:49:43","guid":{"rendered":"https:\/\/staging.laplanetedesenfants.com\/staging\/product\/bonnet-peruvien-la-reine-des-neiges-4\/"},"modified":"2024-10-29T14:49:43","modified_gmt":"2024-10-29T14:49:43","slug":"bonnet-peruvien-la-reine-des-neiges-4","status":"publish","type":"product","link":"https:\/\/staging.laplanetedesenfants.com\/staging\/produit\/bonnet-peruvien-la-reine-des-neiges-4\/","title":{"rendered":"Bonnet P\u00e9ruvien La Reine des Neiges"},"content":{"rendered":"<p>Bonnet p\u00e9ruvien \u00e0 pompon La reine des Neiges. Les images au devant du bonnet et sur le cot\u00e9 sont cousues ce qui garantie une tenue parfaite tout au long de son utilisation.Motifs ray\u00e9s et florales. Doublure micro polaire douce et chaude. Maintien par torsades \u00e0 nouer. Taille unique. Mati\u00e8re: 100% acrylique. Entretien: Lavage \u00e0 40\u00b0C.<\/p>\n","protected":false},"excerpt":{"rendered":"<p>Bonnet p\u00e9ruvien \u00e0 pompon La reine des Neiges. Les images au devant du bonnet et sur le cot\u00e9 sont brod\u00e9es ce qui garantie une tenue parfaite tout au long de son utilisation.Motifs ray\u00e9s et florales. Doublure micro polaire douce et chaude. Maintien par torsades \u00e0 nouer. Taille unique. Mati\u00e8re: 100% acrylique. Entretien: Lavage \u00e0 40\u00b0C.<\/p>\n","protected":false},"featured_media":416056,"template":"","meta":[],"product_brand":[],"product_cat":[13486,13483,13648,13531,13546,13504],"product_tag":[13438,13446,13439,13447,13440,13444,13445],"class_list":{"0":"post-416060","1":"product","2":"type-product","3":"status-publish","4":"has-post-thumbnail","6":"product_cat-accessoires","7":"product_cat-accueil","8":"product_cat-bonnets-cagoules","9":"product_cat-filles","10":"product_cat-solde-automne-hiver-2023","11":"product_cat-tous-les-produits","12":"product_tag-bonnet","13":"product_tag-bonnet-peruvien","14":"product_tag-bonnets","15":"product_tag-bonnets-peruvien","16":"product_tag-disney","17":"product_tag-la-reine-des-neiges","18":"product_tag-reine-des-neiges","19":"pa_couleur-rose","20":"pa_couleur-violet","21":"pa_genre-fille","22":"pa_poidsenkg-0_150","24":"first","25":"instock","26":"sale","27":"shipping-taxable","28":"purchasable","29":"product-type-variable","30":"has-default-attributes"},"_links":{"self":[{"href":"https:\/\/staging.laplanetedesenfants.com\/staging\/wp-json\/wp\/v2\/product\/416060","targetHints":{"allow":["GET"]}}],"collection":[{"href":"https:\/\/staging.laplanetedesenfants.com\/staging\/wp-json\/wp\/v2\/product"}],"about":[{"href":"https:\/\/staging.laplanetedesenfants.com\/staging\/wp-json\/wp\/v2\/types\/product"}],"version-history":[{"count":0,"href":"https:\/\/staging.laplanetedesenfants.com\/staging\/wp-json\/wp\/v2\/product\/416060\/revisions"}],"wp:featuredmedia":[{"embeddable":true,"href":"https:\/\/staging.laplanetedesenfants.com\/staging\/wp-json\/wp\/v2\/media\/416056"}],"wp:attachment":[{"href":"https:\/\/staging.laplanetedesenfants.com\/staging\/wp-json\/wp\/v2\/media?parent=416060"}],"wp:term":[{"taxonomy":"product_brand","embeddable":true,"href":"https:\/\/staging.laplanetedesenfants.com\/staging\/wp-json\/wp\/v2\/product_brand?post=416060"},{"taxonomy":"product_cat","embeddable":true,"href":"https:\/\/staging.laplanetedesenfants.com\/staging\/wp-json\/wp\/v2\/product_cat?post=416060"},{"taxonomy":"product_tag","embeddable":true,"href":"https:\/\/staging.laplanetedesenfants.com\/staging\/wp-json\/wp\/v2\/product_tag?post=416060"}],"curies":[{"name":"wp","href":"https:\/\/api.w.org\/{rel}","templated":true}]}}