{"id":416254,"date":"2024-11-28T15:56:23","date_gmt":"2024-11-28T15:56:23","guid":{"rendered":"https:\/\/staging.laplanetedesenfants.com\/staging\/product\/chapeau-peruvien-monster-high\/"},"modified":"2024-11-28T15:56:23","modified_gmt":"2024-11-28T15:56:23","slug":"chapeau-peruvien-monster-high","status":"publish","type":"product","link":"https:\/\/staging.laplanetedesenfants.com\/staging\/produit\/chapeau-peruvien-monster-high\/","title":{"rendered":"Chapeau P\u00e9ruvien Monster High"},"content":{"rendered":"<p>\u00a0Taille unique. Mati\u00e8re: 100% acrylique. Entretien: Lavage \u00e0 40\u00b0C.<\/p>\n","protected":false},"excerpt":{"rendered":"<p>Bonnet p\u00e9ruvien Monster High bonnet p\u00e9ruvien doubl\u00e9 &#8216;Monster High&#8217;, pompon au sommet, torsades au niveau des oreilles. Doublure micro polaire douce et chaude. Maintien par torsades \u00e0 nouer. Taille unique. Mati\u00e8re: 100% acrylique. Entretien: Lavage \u00e0 40\u00b0C.<\/p>\n","protected":false},"featured_media":416248,"template":"","meta":[],"product_brand":[],"product_cat":[13486,13483,13648,13531,13546,13504],"product_tag":[13438,13446,13439,13447,15345,20784],"class_list":{"0":"post-416254","1":"product","2":"type-product","3":"status-publish","4":"has-post-thumbnail","6":"product_cat-accessoires","7":"product_cat-accueil","8":"product_cat-bonnets-cagoules","9":"product_cat-filles","10":"product_cat-solde-automne-hiver-2023","11":"product_cat-tous-les-produits","12":"product_tag-bonnet","13":"product_tag-bonnet-peruvien","14":"product_tag-bonnets","15":"product_tag-bonnets-peruvien","16":"product_tag-monster-high","17":"product_tag-peruvien-monster-high","18":"pa_couleur-fuchsia","19":"pa_couleur-gris","20":"pa_couleur-noir","21":"pa_genre-fille","22":"pa_poidsenkg-0_150","24":"first","25":"instock","26":"sale","27":"shipping-taxable","28":"purchasable","29":"product-type-variable","30":"has-default-attributes"},"_links":{"self":[{"href":"https:\/\/staging.laplanetedesenfants.com\/staging\/wp-json\/wp\/v2\/product\/416254","targetHints":{"allow":["GET"]}}],"collection":[{"href":"https:\/\/staging.laplanetedesenfants.com\/staging\/wp-json\/wp\/v2\/product"}],"about":[{"href":"https:\/\/staging.laplanetedesenfants.com\/staging\/wp-json\/wp\/v2\/types\/product"}],"version-history":[{"count":0,"href":"https:\/\/staging.laplanetedesenfants.com\/staging\/wp-json\/wp\/v2\/product\/416254\/revisions"}],"wp:featuredmedia":[{"embeddable":true,"href":"https:\/\/staging.laplanetedesenfants.com\/staging\/wp-json\/wp\/v2\/media\/416248"}],"wp:attachment":[{"href":"https:\/\/staging.laplanetedesenfants.com\/staging\/wp-json\/wp\/v2\/media?parent=416254"}],"wp:term":[{"taxonomy":"product_brand","embeddable":true,"href":"https:\/\/staging.laplanetedesenfants.com\/staging\/wp-json\/wp\/v2\/product_brand?post=416254"},{"taxonomy":"product_cat","embeddable":true,"href":"https:\/\/staging.laplanetedesenfants.com\/staging\/wp-json\/wp\/v2\/product_cat?post=416254"},{"taxonomy":"product_tag","embeddable":true,"href":"https:\/\/staging.laplanetedesenfants.com\/staging\/wp-json\/wp\/v2\/product_tag?post=416254"}],"curies":[{"name":"wp","href":"https:\/\/api.w.org\/{rel}","templated":true}]}}