{"id":417226,"date":"2025-03-24T13:10:55","date_gmt":"2025-03-24T13:10:55","guid":{"rendered":"https:\/\/staging.laplanetedesenfants.com\/staging\/product\/boite-a-gouter-bluey-en-pvc\/"},"modified":"2025-03-24T13:10:55","modified_gmt":"2025-03-24T13:10:55","slug":"boite-a-gouter-bluey-en-pvc","status":"publish","type":"product","link":"https:\/\/staging.laplanetedesenfants.com\/staging\/produit\/boite-a-gouter-bluey-en-pvc\/","title":{"rendered":"Bo\u00eete \u00e0 go\u00fbter Bluey en Pvc"},"content":{"rendered":"<ul class=\"a-unordered-list a-vertical a-spacing-mini\" style=\"margin:0px 0px 0px 18px;color:#0f1111;padding:0px;font-family:'Amazon Ember', Arial, sans-serif;font-size:14px;background-color:#ffffff;\">\n<li class=\"a-spacing-mini\" style=\"list-style:disc;margin:0px;\"><span class=\"a-list-item\">Tous les produits de la marque Stor sont exempts de BPA et ont pass\u00e9 tous les contr\u00f4les de qualit\u00e9 de l&#8217;UE requis pour leur cat\u00e9gorie.<\/span><\/li>\n<li class=\"a-spacing-mini\" style=\"list-style:disc;margin:0px;\"><span class=\"a-list-item\">Produit officiel sous licence, 100% original<\/span><\/li>\n<li class=\"a-spacing-mini\" style=\"list-style:disc;margin:0px;\"><span class=\"a-list-item\">Produit pratique et r\u00e9utilisable d\u00e9cor\u00e9 des personnages les plus c\u00e9l\u00e8bres du cin\u00e9ma et de la t\u00e9l\u00e9vision.<\/span><\/li>\n<\/ul>\n","protected":false},"excerpt":{"rendered":"<p>Bo\u00eete \u00e0 go\u00fbter Bluey en Pvc<\/p>\n<p>Bo\u00eete \u00e0 go\u00fbter en Pvc<\/p>\n<p>Dimension boite : 12 x 16 x 5cm<\/p><\/p>\n","protected":false},"featured_media":417222,"template":"","meta":[],"product_brand":[],"product_cat":[13486,13483,13781,13531,13525,13501,13540,13537,13543,13534,13606,13504],"product_tag":[15619,20982],"class_list":{"0":"post-417226","1":"product","2":"type-product","3":"status-publish","4":"has-post-thumbnail","6":"product_cat-accessoires","7":"product_cat-accueil","8":"product_cat-boites-a-gouter","9":"product_cat-filles","10":"product_cat-garcons","11":"product_cat-nouveautes","12":"product_cat-nouvelle-collection-fille","13":"product_cat-nouvelle-collection-garcon","14":"product_cat-printemps-2024","15":"product_cat-promos","16":"product_cat-sacs-besaces","17":"product_cat-tous-les-produits","18":"product_tag-boite-a-gouter","19":"product_tag-boite-a-gouter-bluey","21":"first","22":"instock","23":"sale","24":"shipping-taxable","25":"purchasable","26":"product-type-simple"},"_links":{"self":[{"href":"https:\/\/staging.laplanetedesenfants.com\/staging\/wp-json\/wp\/v2\/product\/417226","targetHints":{"allow":["GET"]}}],"collection":[{"href":"https:\/\/staging.laplanetedesenfants.com\/staging\/wp-json\/wp\/v2\/product"}],"about":[{"href":"https:\/\/staging.laplanetedesenfants.com\/staging\/wp-json\/wp\/v2\/types\/product"}],"version-history":[{"count":0,"href":"https:\/\/staging.laplanetedesenfants.com\/staging\/wp-json\/wp\/v2\/product\/417226\/revisions"}],"wp:featuredmedia":[{"embeddable":true,"href":"https:\/\/staging.laplanetedesenfants.com\/staging\/wp-json\/wp\/v2\/media\/417222"}],"wp:attachment":[{"href":"https:\/\/staging.laplanetedesenfants.com\/staging\/wp-json\/wp\/v2\/media?parent=417226"}],"wp:term":[{"taxonomy":"product_brand","embeddable":true,"href":"https:\/\/staging.laplanetedesenfants.com\/staging\/wp-json\/wp\/v2\/product_brand?post=417226"},{"taxonomy":"product_cat","embeddable":true,"href":"https:\/\/staging.laplanetedesenfants.com\/staging\/wp-json\/wp\/v2\/product_cat?post=417226"},{"taxonomy":"product_tag","embeddable":true,"href":"https:\/\/staging.laplanetedesenfants.com\/staging\/wp-json\/wp\/v2\/product_tag?post=417226"}],"curies":[{"name":"wp","href":"https:\/\/api.w.org\/{rel}","templated":true}]}}