{"id":418916,"date":"2025-07-08T15:49:26","date_gmt":"2025-07-08T15:49:26","guid":{"rendered":"https:\/\/staging.laplanetedesenfants.com\/staging\/product\/portefeuille-lotso-disney\/"},"modified":"2025-07-08T15:49:26","modified_gmt":"2025-07-08T15:49:26","slug":"portefeuille-lotso-disney","status":"publish","type":"product","link":"https:\/\/staging.laplanetedesenfants.com\/staging\/produit\/portefeuille-lotso-disney\/","title":{"rendered":"Portefeuille Lotso Disney"},"content":{"rendered":"<p>Portefeuille Lotso<\/p>\n<p><span class=\"Y2IQFc\" lang=\"fr\" xml:lang=\"fr\">L&#8217;int\u00e9rieur du portefeuille est con\u00e7u pour offrir un rangement pratique pour les cartes, les billets et les pi\u00e8ces de monnaie. Les fentes pour cartes sont pratiques pour ranger les cartes de cr\u00e9dit, les cartes de d\u00e9bit et d&#8217;autres documents importants, tandis qu&#8217;une poche zipp\u00e9e est pr\u00e9vue pour ranger les billets et les pi\u00e8ces.<\/span><\/p>\n","protected":false},"excerpt":{"rendered":"<p>Portefeuille Lotso Disney<\/p>\n<p>-Fermeture en scratch<\/p>\n<p>-Dimensions : 26&#215;13 cm<\/p>\n","protected":false},"featured_media":418915,"template":"","meta":[],"product_brand":[],"product_cat":[13483,13531,13489,13501,13690,13543,13534,13504],"product_tag":[13440,21179,14746,14745,14744,14747,17235,21178],"class_list":{"0":"post-418916","1":"product","2":"type-product","3":"status-publish","4":"has-post-thumbnail","6":"product_cat-accueil","7":"product_cat-filles","8":"product_cat-maison","9":"product_cat-nouveautes","10":"product_cat-porte-monnaies-coffrets","11":"product_cat-printemps-2024","12":"product_cat-promos","13":"product_cat-tous-les-produits","14":"product_tag-disney","15":"product_tag-lotso","16":"product_tag-porte-feuille","17":"product_tag-porte-monnaie","18":"product_tag-portefeuille","19":"product_tag-portemonnaie","20":"product_tag-toy-story","21":"product_tag-toy-story-disney","22":"pa_genre-fille","24":"first","25":"instock","26":"shipping-taxable","27":"purchasable","28":"product-type-simple"},"_links":{"self":[{"href":"https:\/\/staging.laplanetedesenfants.com\/staging\/wp-json\/wp\/v2\/product\/418916","targetHints":{"allow":["GET"]}}],"collection":[{"href":"https:\/\/staging.laplanetedesenfants.com\/staging\/wp-json\/wp\/v2\/product"}],"about":[{"href":"https:\/\/staging.laplanetedesenfants.com\/staging\/wp-json\/wp\/v2\/types\/product"}],"version-history":[{"count":0,"href":"https:\/\/staging.laplanetedesenfants.com\/staging\/wp-json\/wp\/v2\/product\/418916\/revisions"}],"wp:featuredmedia":[{"embeddable":true,"href":"https:\/\/staging.laplanetedesenfants.com\/staging\/wp-json\/wp\/v2\/media\/418915"}],"wp:attachment":[{"href":"https:\/\/staging.laplanetedesenfants.com\/staging\/wp-json\/wp\/v2\/media?parent=418916"}],"wp:term":[{"taxonomy":"product_brand","embeddable":true,"href":"https:\/\/staging.laplanetedesenfants.com\/staging\/wp-json\/wp\/v2\/product_brand?post=418916"},{"taxonomy":"product_cat","embeddable":true,"href":"https:\/\/staging.laplanetedesenfants.com\/staging\/wp-json\/wp\/v2\/product_cat?post=418916"},{"taxonomy":"product_tag","embeddable":true,"href":"https:\/\/staging.laplanetedesenfants.com\/staging\/wp-json\/wp\/v2\/product_tag?post=418916"}],"curies":[{"name":"wp","href":"https:\/\/api.w.org\/{rel}","templated":true}]}}