{"id":419587,"date":"2025-09-29T11:09:28","date_gmt":"2025-09-29T11:09:28","guid":{"rendered":"https:\/\/staging.laplanetedesenfants.com\/staging\/product\/deck-protection-box-wood-effect-push-boxes\/"},"modified":"2025-09-29T11:09:28","modified_gmt":"2025-09-29T11:09:28","slug":"deck-protection-box-wood-effect-push-boxes","status":"publish","type":"product","link":"https:\/\/staging.laplanetedesenfants.com\/staging\/produit\/deck-protection-box-wood-effect-push-boxes\/","title":{"rendered":"Deck Protection Box Wood effect Push Boxes"},"content":{"rendered":"<h4>Magnetic shield box<\/h4>\n<\/p>\n<ul>\n<li><strong>Mat\u00e9riau de haute qualit\u00e9<\/strong> : Effet textur\u00e9 premium.<\/li>\n<li><strong>Grande capacit\u00e9<\/strong> : Peut contenir jusqu\u2019\u00e0 100 cartes.<\/li>\n<li><strong>Facilit\u00e9 d\u2019acc\u00e8s<\/strong> : Encoche \u00e0 l\u2019avant pour un acc\u00e8s facile aux cartes.<\/li>\n<li><strong>S\u00e9curit\u00e9 renforc\u00e9e<\/strong> : Fermeture magn\u00e9tique robuste pour assurer un rangement s\u00e9curis\u00e9 des cartes.<\/li>\n<\/ul>\n","protected":false},"excerpt":{"rendered":"<p style=\"margin:0px 0px 20px;padding:0px;border:0px;line-height:inherit;vertical-align:baseline;font-family:'Open Sans', sans-serif;font-size:14px;color:#4a4a4a;background-color:#ffffff;\"><span style=\"font-weight:600;margin:0px;padding:0px;border:0px;font-variant:inherit;line-height:inherit;vertical-align:baseline;font-family:inherit;font-style:inherit;\">Wood push box<\/span><\/p>\n<ul style=\"margin:15px 0px 15px 20px;padding:0px;border:0px;line-height:inherit;vertical-align:baseline;font-family:'Open Sans', sans-serif;font-size:14px;color:#4a4a4a;background-color:#ffffff;\">\n<li style=\"margin:0px;padding:0px;border:0px;font-variant:inherit;line-height:inherit;vertical-align:baseline;font-family:inherit;font-style:inherit;font-weight:inherit;\"><span style=\"font-weight:600;margin:0px;padding:0px;border:0px;font-variant:inherit;line-height:inherit;vertical-align:baseline;font-family:inherit;font-style:inherit;\">Mat\u00e9riau de haute qualit\u00e9<\/span>\u00a0: Bo\u00eete en PVC rigide.<\/li>\n<li style=\"margin:0px;padding:0px;border:0px;font-variant:inherit;line-height:inherit;vertical-align:baseline;font-family:inherit;font-style:inherit;font-weight:inherit;\"><span style=\"font-weight:600;margin:0px;padding:0px;border:0px;font-variant:inherit;line-height:inherit;vertical-align:baseline;font-family:inherit;font-style:inherit;\">Grande capacit\u00e9<\/span>\u00a0: Peut contenir jusqu\u2019\u00e0 100 cartes sous sleeves.<\/li>\n<li style=\"margin:0px;padding:0px;border:0px;font-variant:inherit;line-height:inherit;vertical-align:baseline;font-family:inherit;font-style:inherit;font-weight:inherit;\"><span style=\"font-weight:600;margin:0px;padding:0px;border:0px;font-variant:inherit;line-height:inherit;vertical-align:baseline;font-family:inherit;font-style:inherit;\">Ouverture facile<\/span> : Exercez une pression avec votre pouce sur l\u2019avant de la bo\u00eete pour l\u2019ouvrir.<\/li>\n<\/ul>\n","protected":false},"featured_media":419582,"template":"","meta":[],"product_brand":[],"product_cat":[13486,13483,13748,13525,13495,13504],"product_tag":[21299,21298,21300],"class_list":{"0":"post-419587","1":"product","2":"type-product","3":"status-publish","4":"has-post-thumbnail","6":"product_cat-accessoires","7":"product_cat-accueil","8":"product_cat-cartes-a-jouer","9":"product_cat-garcons","10":"product_cat-jeux-jouets","11":"product_cat-tous-les-produits","12":"product_tag-box-wood-effect-push-boxes","13":"product_tag-deck-protection-box","14":"product_tag-phoenix-shield","15":"pa_couleur-marron","16":"pa_couleur-noir","18":"first","19":"instock","20":"shipping-taxable","21":"purchasable","22":"product-type-variable","23":"has-default-attributes"},"_links":{"self":[{"href":"https:\/\/staging.laplanetedesenfants.com\/staging\/wp-json\/wp\/v2\/product\/419587","targetHints":{"allow":["GET"]}}],"collection":[{"href":"https:\/\/staging.laplanetedesenfants.com\/staging\/wp-json\/wp\/v2\/product"}],"about":[{"href":"https:\/\/staging.laplanetedesenfants.com\/staging\/wp-json\/wp\/v2\/types\/product"}],"version-history":[{"count":0,"href":"https:\/\/staging.laplanetedesenfants.com\/staging\/wp-json\/wp\/v2\/product\/419587\/revisions"}],"wp:featuredmedia":[{"embeddable":true,"href":"https:\/\/staging.laplanetedesenfants.com\/staging\/wp-json\/wp\/v2\/media\/419582"}],"wp:attachment":[{"href":"https:\/\/staging.laplanetedesenfants.com\/staging\/wp-json\/wp\/v2\/media?parent=419587"}],"wp:term":[{"taxonomy":"product_brand","embeddable":true,"href":"https:\/\/staging.laplanetedesenfants.com\/staging\/wp-json\/wp\/v2\/product_brand?post=419587"},{"taxonomy":"product_cat","embeddable":true,"href":"https:\/\/staging.laplanetedesenfants.com\/staging\/wp-json\/wp\/v2\/product_cat?post=419587"},{"taxonomy":"product_tag","embeddable":true,"href":"https:\/\/staging.laplanetedesenfants.com\/staging\/wp-json\/wp\/v2\/product_tag?post=419587"}],"curies":[{"name":"wp","href":"https:\/\/api.w.org\/{rel}","templated":true}]}}