{"id":419906,"date":"2025-10-14T14:18:25","date_gmt":"2025-10-14T14:18:25","guid":{"rendered":"https:\/\/staging.laplanetedesenfants.com\/staging\/product\/ensemble-bonnet-et-gants-hello-kitty-3\/"},"modified":"2025-10-14T14:18:25","modified_gmt":"2025-10-14T14:18:25","slug":"ensemble-bonnet-et-gants-hello-kitty-3","status":"publish","type":"product","link":"https:\/\/staging.laplanetedesenfants.com\/staging\/produit\/ensemble-bonnet-et-gants-hello-kitty-3\/","title":{"rendered":"Ensemble Bonnet et Gants Hello Kitty"},"content":{"rendered":"<p>Ensemble Bonnet Gants Hello Kitty. L&#8217;image au devant du bonnet est cousue ce qui garantie une tenue parfaite tout au long de son utilisation. Pour les gants l&#8217;image du h\u00e9ros est imprim\u00e9e. Motifs ray\u00e9s et tricolore. Taille unique. Mati\u00e8re: 100% acrylique. Entretien: Lavage \u00e0 40\u00b0C.<\/p>\n","protected":false},"excerpt":{"rendered":"<p>Ensemble Bonnet Gants Hello Kitty. L&#8217;image au devant du bonnet est brod\u00e9e ce qui garantie une tenue parfaite tout au long de son utilisation. Pour les gants l&#8217;image du h\u00e9ros est imprim\u00e9e. Motifs ray\u00e9s et tricolore. Taille unique. Mati\u00e8re: 100% acrylique. Entretien: Lavage \u00e0 40\u00b0C.<\/p>\n","protected":false},"featured_media":419904,"template":"","meta":[],"product_brand":[],"product_cat":[13486,13483,13648,13699,13531,13504],"product_tag":[13438,13439,13456,13464,13457,13458,13459,14681,14682],"class_list":{"0":"post-419906","1":"product","2":"type-product","3":"status-publish","4":"has-post-thumbnail","6":"product_cat-accessoires","7":"product_cat-accueil","8":"product_cat-bonnets-cagoules","9":"product_cat-echarpes-gants-bonnets","10":"product_cat-filles","11":"product_cat-tous-les-produits","12":"product_tag-bonnet","13":"product_tag-bonnets","14":"product_tag-ensemble","15":"product_tag-ensemble-bonnet-gants","16":"product_tag-ensembles","17":"product_tag-gant","18":"product_tag-gants","19":"product_tag-hello-kitty","20":"product_tag-sanrio","21":"pa_couleur-fuchsia","22":"pa_couleur-rouge","23":"pa_genre-fille","25":"first","26":"instock","27":"sale","28":"shipping-taxable","29":"purchasable","30":"product-type-variable","31":"has-default-attributes"},"_links":{"self":[{"href":"https:\/\/staging.laplanetedesenfants.com\/staging\/wp-json\/wp\/v2\/product\/419906","targetHints":{"allow":["GET"]}}],"collection":[{"href":"https:\/\/staging.laplanetedesenfants.com\/staging\/wp-json\/wp\/v2\/product"}],"about":[{"href":"https:\/\/staging.laplanetedesenfants.com\/staging\/wp-json\/wp\/v2\/types\/product"}],"version-history":[{"count":0,"href":"https:\/\/staging.laplanetedesenfants.com\/staging\/wp-json\/wp\/v2\/product\/419906\/revisions"}],"wp:featuredmedia":[{"embeddable":true,"href":"https:\/\/staging.laplanetedesenfants.com\/staging\/wp-json\/wp\/v2\/media\/419904"}],"wp:attachment":[{"href":"https:\/\/staging.laplanetedesenfants.com\/staging\/wp-json\/wp\/v2\/media?parent=419906"}],"wp:term":[{"taxonomy":"product_brand","embeddable":true,"href":"https:\/\/staging.laplanetedesenfants.com\/staging\/wp-json\/wp\/v2\/product_brand?post=419906"},{"taxonomy":"product_cat","embeddable":true,"href":"https:\/\/staging.laplanetedesenfants.com\/staging\/wp-json\/wp\/v2\/product_cat?post=419906"},{"taxonomy":"product_tag","embeddable":true,"href":"https:\/\/staging.laplanetedesenfants.com\/staging\/wp-json\/wp\/v2\/product_tag?post=419906"}],"curies":[{"name":"wp","href":"https:\/\/api.w.org\/{rel}","templated":true}]}}